{"id":595,"date":"2025-02-27T18:07:59","date_gmt":"2025-02-27T18:07:59","guid":{"rendered":"https:\/\/thingssol.es\/producto\/super-tienda-de-campana-pirata-infantil-para-cumpleanos\/"},"modified":"2025-02-27T18:07:59","modified_gmt":"2025-02-27T18:07:59","slug":"super-tienda-de-campana-pirata-infantil-para-cumpleanos","status":"publish","type":"product","link":"https:\/\/thingssol.es\/en\/producto\/super-tienda-de-campana-pirata-infantil-para-cumpleanos\/","title":{"rendered":"Super Tienda de Campa\u00f1a Pirata Infantil para Cumplea\u00f1os"},"content":{"rendered":"<p>\u00a1Explora aventuras \u00e9picas con nuestra tienda de campa\u00f1a pirata infantil! Perfecta para cumplea\u00f1os y horas ilimitadas de diversi\u00f3n en casa.<\/p>\n","protected":false},"excerpt":{"rendered":"<p>Tienda de campa\u00f1a pirata infantil ideal para cumplea\u00f1eros aventureros.<\/p>\n","protected":false},"featured_media":0,"comment_status":"open","ping_status":"closed","template":"","meta":{"_acf_changed":false,"iawp_total_views":0},"marca":[87,86],"product_brand":[],"product_cat":[134,135],"product_tag":[139,163,164],"class_list":{"0":"post-595","1":"product","2":"type-product","3":"status-publish","5":"marca-campanas-divertidas","6":"marca-pirata-kids","7":"product_cat-regalos-cumpleanos-en","8":"product_cat-tienda-campana-infantil-en","9":"product_tag-aventuras-ninos-en","10":"product_tag-campana-infantil-en","11":"product_tag-cumpleanos-divertido-en","13":"first","14":"instock","15":"shipping-taxable","16":"purchasable","17":"product-type-simple"},"acf":[],"yoast_head":"<!-- This site is optimized with the Yoast SEO plugin v27.3 - https:\/\/yoast.com\/product\/yoast-seo-wordpress\/ -->\n<title>Super Tienda de Campa\u00f1a Pirata Infantil para Cumplea\u00f1os - THINGSSOL<\/title>\n<meta name=\"robots\" content=\"index, follow, max-snippet:-1, max-image-preview:large, max-video-preview:-1\" \/>\n<link rel=\"canonical\" href=\"https:\/\/thingssol.es\/en\/producto\/super-tienda-de-campana-pirata-infantil-para-cumpleanos\/\" \/>\n<meta property=\"og:locale\" content=\"en_US\" \/>\n<meta property=\"og:type\" content=\"article\" \/>\n<meta property=\"og:title\" content=\"Super Tienda de Campa\u00f1a Pirata Infantil para Cumplea\u00f1os - THINGSSOL\" \/>\n<meta property=\"og:description\" content=\"Tienda de campa\u00f1a pirata infantil ideal para cumplea\u00f1eros aventureros.\" \/>\n<meta property=\"og:url\" content=\"https:\/\/thingssol.es\/en\/producto\/super-tienda-de-campana-pirata-infantil-para-cumpleanos\/\" \/>\n<meta property=\"og:site_name\" content=\"THINGSSOL\" \/>\n<meta property=\"og:image\" content=\"https:\/\/thingssol.es\/wp-content\/uploads\/2025\/02\/Leonardo_Vision_XL_Crear_una_imagen_de_una_tienda_de_campaa_pi_0.jpg\" \/>\n\t<meta property=\"og:image:width\" content=\"1792\" \/>\n\t<meta property=\"og:image:height\" content=\"1456\" \/>\n\t<meta property=\"og:image:type\" content=\"image\/jpeg\" \/>\n<meta name=\"twitter:card\" content=\"summary_large_image\" \/>\n<!-- \/ Yoast SEO plugin. -->","yoast_head_json":{"title":"Super Tienda de Campa\u00f1a Pirata Infantil para Cumplea\u00f1os - THINGSSOL","robots":{"index":"index","follow":"follow","max-snippet":"max-snippet:-1","max-image-preview":"max-image-preview:large","max-video-preview":"max-video-preview:-1"},"canonical":"https:\/\/thingssol.es\/en\/producto\/super-tienda-de-campana-pirata-infantil-para-cumpleanos\/","og_locale":"en_US","og_type":"article","og_title":"Super Tienda de Campa\u00f1a Pirata Infantil para Cumplea\u00f1os - THINGSSOL","og_description":"Tienda de campa\u00f1a pirata infantil ideal para cumplea\u00f1eros aventureros.","og_url":"https:\/\/thingssol.es\/en\/producto\/super-tienda-de-campana-pirata-infantil-para-cumpleanos\/","og_site_name":"THINGSSOL","og_image":[{"width":1792,"height":1456,"url":"https:\/\/thingssol.es\/wp-content\/uploads\/2025\/02\/Leonardo_Vision_XL_Crear_una_imagen_de_una_tienda_de_campaa_pi_0.jpg","type":"image\/jpeg"}],"twitter_card":"summary_large_image","schema":{"@context":"https:\/\/schema.org","@graph":[{"@type":"WebPage","@id":"https:\/\/thingssol.es\/en\/producto\/super-tienda-de-campana-pirata-infantil-para-cumpleanos\/","url":"https:\/\/thingssol.es\/en\/producto\/super-tienda-de-campana-pirata-infantil-para-cumpleanos\/","name":"Super Tienda de Campa\u00f1a Pirata Infantil para Cumplea\u00f1os - THINGSSOL","isPartOf":{"@id":"https:\/\/thingssol.es\/en\/#website"},"datePublished":"2025-02-27T18:07:59+00:00","breadcrumb":{"@id":"https:\/\/thingssol.es\/en\/producto\/super-tienda-de-campana-pirata-infantil-para-cumpleanos\/#breadcrumb"},"inLanguage":"en-US","potentialAction":[{"@type":"ReadAction","target":["https:\/\/thingssol.es\/en\/producto\/super-tienda-de-campana-pirata-infantil-para-cumpleanos\/"]}]},{"@type":"BreadcrumbList","@id":"https:\/\/thingssol.es\/en\/producto\/super-tienda-de-campana-pirata-infantil-para-cumpleanos\/#breadcrumb","itemListElement":[{"@type":"ListItem","position":1,"name":"Portada","item":"https:\/\/thingssol.es\/en\/"},{"@type":"ListItem","position":2,"name":"Tienda","item":"https:\/\/thingssol.es\/en\/tienda\/"},{"@type":"ListItem","position":3,"name":"Super Tienda de Campa\u00f1a Pirata Infantil para Cumplea\u00f1os"}]},{"@type":"WebSite","@id":"https:\/\/thingssol.es\/en\/#website","url":"https:\/\/thingssol.es\/en\/","name":"THINGSSOL","description":"","publisher":{"@id":"https:\/\/thingssol.es\/en\/#organization"},"potentialAction":[{"@type":"SearchAction","target":{"@type":"EntryPoint","urlTemplate":"https:\/\/thingssol.es\/en\/?s={search_term_string}"},"query-input":{"@type":"PropertyValueSpecification","valueRequired":true,"valueName":"search_term_string"}}],"inLanguage":"en-US"},{"@type":"Organization","@id":"https:\/\/thingssol.es\/en\/#organization","name":"THINGSSOL","url":"https:\/\/thingssol.es\/en\/","logo":{"@type":"ImageObject","inLanguage":"en-US","@id":"https:\/\/thingssol.es\/en\/#\/schema\/logo\/image\/","url":"https:\/\/thingssol.es\/wp-content\/uploads\/2025\/02\/67c03e3f7a34d_logo-color-con-copyright.png","contentUrl":"https:\/\/thingssol.es\/wp-content\/uploads\/2025\/02\/67c03e3f7a34d_logo-color-con-copyright.png","width":500,"height":500,"caption":"THINGSSOL"},"image":{"@id":"https:\/\/thingssol.es\/en\/#\/schema\/logo\/image\/"}}]}},"_links":{"self":[{"href":"https:\/\/thingssol.es\/en\/wp-json\/wp\/v2\/product\/595","targetHints":{"allow":["GET"]}}],"collection":[{"href":"https:\/\/thingssol.es\/en\/wp-json\/wp\/v2\/product"}],"about":[{"href":"https:\/\/thingssol.es\/en\/wp-json\/wp\/v2\/types\/product"}],"replies":[{"embeddable":true,"href":"https:\/\/thingssol.es\/en\/wp-json\/wp\/v2\/comments?post=595"}],"wp:attachment":[{"href":"https:\/\/thingssol.es\/en\/wp-json\/wp\/v2\/media?parent=595"}],"wp:term":[{"taxonomy":"marca","embeddable":true,"href":"https:\/\/thingssol.es\/en\/wp-json\/wp\/v2\/marca?post=595"},{"taxonomy":"product_brand","embeddable":true,"href":"https:\/\/thingssol.es\/en\/wp-json\/wp\/v2\/product_brand?post=595"},{"taxonomy":"product_cat","embeddable":true,"href":"https:\/\/thingssol.es\/en\/wp-json\/wp\/v2\/product_cat?post=595"},{"taxonomy":"product_tag","embeddable":true,"href":"https:\/\/thingssol.es\/en\/wp-json\/wp\/v2\/product_tag?post=595"}],"curies":[{"name":"wp","href":"https:\/\/api.w.org\/{rel}","templated":true}]}}