{"id":586,"date":"2025-02-27T18:17:40","date_gmt":"2025-02-27T18:17:40","guid":{"rendered":"https:\/\/thingssol.es\/producto\/rompecabezas-de-animales-divertidos-para-ninos\/"},"modified":"2025-02-27T18:17:40","modified_gmt":"2025-02-27T18:17:40","slug":"rompecabezas-de-animales-divertidos-para-ninos","status":"publish","type":"product","link":"https:\/\/thingssol.es\/en\/producto\/rompecabezas-de-animales-divertidos-para-ninos\/","title":{"rendered":"Rompecabezas de Animales Divertidos para Ni\u00f1os"},"content":{"rendered":"<p>Este rompecabezas de animales coloridos ayudar\u00e1 a tus peque\u00f1os a desarrollar habilidades motrices mientras se divierten.<\/p>\n","protected":false},"excerpt":{"rendered":"<p>Rompecabezas colorido que mejora habilidades motrices de ni\u00f1os.<\/p>\n","protected":false},"featured_media":0,"comment_status":"open","ping_status":"closed","template":"","meta":{"_acf_changed":false,"iawp_total_views":0},"marca":[113,62],"product_brand":[],"product_cat":[129,130],"product_tag":[144,133,145],"class_list":{"0":"post-586","1":"product","2":"type-product","3":"status-publish","5":"marca-juguetestsol","6":"marca-thingssol","7":"product_cat-juguetes-en","8":"product_cat-juguetes-educativos-en","9":"product_tag-desarrollo-infantil-en","10":"product_tag-juguetes-educativos-en","11":"product_tag-ninos-felices-en","13":"first","14":"instock","15":"sale","16":"shipping-taxable","17":"purchasable","18":"product-type-simple"},"acf":[],"yoast_head":"<!-- This site is optimized with the Yoast SEO plugin v27.3 - https:\/\/yoast.com\/product\/yoast-seo-wordpress\/ -->\n<title>Rompecabezas de Animales Divertidos para Ni\u00f1os - THINGSSOL<\/title>\n<meta name=\"robots\" content=\"index, follow, max-snippet:-1, max-image-preview:large, max-video-preview:-1\" \/>\n<link rel=\"canonical\" href=\"https:\/\/thingssol.es\/en\/producto\/rompecabezas-de-animales-divertidos-para-ninos\/\" \/>\n<meta property=\"og:locale\" content=\"en_US\" \/>\n<meta property=\"og:type\" content=\"article\" \/>\n<meta property=\"og:title\" content=\"Rompecabezas de Animales Divertidos para Ni\u00f1os - THINGSSOL\" \/>\n<meta property=\"og:description\" content=\"Rompecabezas colorido que mejora habilidades motrices de ni\u00f1os.\" \/>\n<meta property=\"og:url\" content=\"https:\/\/thingssol.es\/en\/producto\/rompecabezas-de-animales-divertidos-para-ninos\/\" \/>\n<meta property=\"og:site_name\" content=\"THINGSSOL\" \/>\n<meta property=\"og:image\" content=\"https:\/\/thingssol.es\/wp-content\/uploads\/2025\/02\/Leonardo_Vision_XL_Diseo_de_un_rompecabezas_colorido_y_diverti_0-1024x832.jpg\" \/>\n\t<meta property=\"og:image:width\" content=\"1024\" \/>\n\t<meta property=\"og:image:height\" content=\"832\" \/>\n\t<meta property=\"og:image:type\" content=\"image\/jpeg\" \/>\n<meta name=\"twitter:card\" content=\"summary_large_image\" \/>\n<!-- \/ Yoast SEO plugin. -->","yoast_head_json":{"title":"Rompecabezas de Animales Divertidos para Ni\u00f1os - THINGSSOL","robots":{"index":"index","follow":"follow","max-snippet":"max-snippet:-1","max-image-preview":"max-image-preview:large","max-video-preview":"max-video-preview:-1"},"canonical":"https:\/\/thingssol.es\/en\/producto\/rompecabezas-de-animales-divertidos-para-ninos\/","og_locale":"en_US","og_type":"article","og_title":"Rompecabezas de Animales Divertidos para Ni\u00f1os - THINGSSOL","og_description":"Rompecabezas colorido que mejora habilidades motrices de ni\u00f1os.","og_url":"https:\/\/thingssol.es\/en\/producto\/rompecabezas-de-animales-divertidos-para-ninos\/","og_site_name":"THINGSSOL","og_image":[{"width":1024,"height":832,"url":"https:\/\/thingssol.es\/wp-content\/uploads\/2025\/02\/Leonardo_Vision_XL_Diseo_de_un_rompecabezas_colorido_y_diverti_0-1024x832.jpg","type":"image\/jpeg"}],"twitter_card":"summary_large_image","schema":{"@context":"https:\/\/schema.org","@graph":[{"@type":"WebPage","@id":"https:\/\/thingssol.es\/en\/producto\/rompecabezas-de-animales-divertidos-para-ninos\/","url":"https:\/\/thingssol.es\/en\/producto\/rompecabezas-de-animales-divertidos-para-ninos\/","name":"Rompecabezas de Animales Divertidos para Ni\u00f1os - THINGSSOL","isPartOf":{"@id":"https:\/\/thingssol.es\/en\/#website"},"datePublished":"2025-02-27T18:17:40+00:00","breadcrumb":{"@id":"https:\/\/thingssol.es\/en\/producto\/rompecabezas-de-animales-divertidos-para-ninos\/#breadcrumb"},"inLanguage":"en-US","potentialAction":[{"@type":"ReadAction","target":["https:\/\/thingssol.es\/en\/producto\/rompecabezas-de-animales-divertidos-para-ninos\/"]}]},{"@type":"BreadcrumbList","@id":"https:\/\/thingssol.es\/en\/producto\/rompecabezas-de-animales-divertidos-para-ninos\/#breadcrumb","itemListElement":[{"@type":"ListItem","position":1,"name":"Portada","item":"https:\/\/thingssol.es\/en\/"},{"@type":"ListItem","position":2,"name":"Tienda","item":"https:\/\/thingssol.es\/en\/tienda\/"},{"@type":"ListItem","position":3,"name":"Rompecabezas de Animales Divertidos para Ni\u00f1os"}]},{"@type":"WebSite","@id":"https:\/\/thingssol.es\/en\/#website","url":"https:\/\/thingssol.es\/en\/","name":"THINGSSOL","description":"","publisher":{"@id":"https:\/\/thingssol.es\/en\/#organization"},"potentialAction":[{"@type":"SearchAction","target":{"@type":"EntryPoint","urlTemplate":"https:\/\/thingssol.es\/en\/?s={search_term_string}"},"query-input":{"@type":"PropertyValueSpecification","valueRequired":true,"valueName":"search_term_string"}}],"inLanguage":"en-US"},{"@type":"Organization","@id":"https:\/\/thingssol.es\/en\/#organization","name":"THINGSSOL","url":"https:\/\/thingssol.es\/en\/","logo":{"@type":"ImageObject","inLanguage":"en-US","@id":"https:\/\/thingssol.es\/en\/#\/schema\/logo\/image\/","url":"https:\/\/thingssol.es\/wp-content\/uploads\/2025\/02\/67c03e3f7a34d_logo-color-con-copyright.png","contentUrl":"https:\/\/thingssol.es\/wp-content\/uploads\/2025\/02\/67c03e3f7a34d_logo-color-con-copyright.png","width":500,"height":500,"caption":"THINGSSOL"},"image":{"@id":"https:\/\/thingssol.es\/en\/#\/schema\/logo\/image\/"}}]}},"_links":{"self":[{"href":"https:\/\/thingssol.es\/en\/wp-json\/wp\/v2\/product\/586","targetHints":{"allow":["GET"]}}],"collection":[{"href":"https:\/\/thingssol.es\/en\/wp-json\/wp\/v2\/product"}],"about":[{"href":"https:\/\/thingssol.es\/en\/wp-json\/wp\/v2\/types\/product"}],"replies":[{"embeddable":true,"href":"https:\/\/thingssol.es\/en\/wp-json\/wp\/v2\/comments?post=586"}],"wp:attachment":[{"href":"https:\/\/thingssol.es\/en\/wp-json\/wp\/v2\/media?parent=586"}],"wp:term":[{"taxonomy":"marca","embeddable":true,"href":"https:\/\/thingssol.es\/en\/wp-json\/wp\/v2\/marca?post=586"},{"taxonomy":"product_brand","embeddable":true,"href":"https:\/\/thingssol.es\/en\/wp-json\/wp\/v2\/product_brand?post=586"},{"taxonomy":"product_cat","embeddable":true,"href":"https:\/\/thingssol.es\/en\/wp-json\/wp\/v2\/product_cat?post=586"},{"taxonomy":"product_tag","embeddable":true,"href":"https:\/\/thingssol.es\/en\/wp-json\/wp\/v2\/product_tag?post=586"}],"curies":[{"name":"wp","href":"https:\/\/api.w.org\/{rel}","templated":true}]}}