{"id":583,"date":"2025-02-27T18:20:28","date_gmt":"2025-02-27T18:20:28","guid":{"rendered":"https:\/\/thingssol.es\/producto\/carpa-de-aventuras-para-nins-exploradores\/"},"modified":"2025-04-20T18:03:04","modified_gmt":"2025-04-20T18:03:04","slug":"tienda-de-campana-infantil","status":"publish","type":"product","link":"https:\/\/thingssol.es\/en\/producto\/tienda-de-campana-infantil\/","title":{"rendered":"Casita Infantil para ni\u00f1@s"},"content":{"rendered":"<p>Casita Grande y espaciosa para Ni\u00f1os incluye :alfombra, luces en forma de estrella de colores, banderas coloridas y Tatuajes temporales para ni\u00f1os que brillan en la oscuridad. Tela Impermeable para Interior y Exterior.<\/p>\n<p>&nbsp;<\/p>\n<ul class=\"a-unordered-list a-vertical a-spacing-mini\">\n<li class=\"a-spacing-mini\"><span class=\"a-list-item\">\u26fa\ufe0f \u00a1Aventuras m\u00e1gicas en su propio mundo! Nuestras casitas infantiles tela son impermeables y la hace ideal para el interior y tienda infantil interior es el regalo perfecto para los peque\u00f1os exploradores. Medidas 138cm de alto x 133 cm de ancho y 90cm de fondo, es lo suficientemente espaciosa para jugar, leer o simplemente so\u00f1ar.<\/span><\/li>\n<li class=\"a-spacing-mini\"><span class=\"a-list-item\">\u2728 \u00a1Luces, c\u00e1mara, acci\u00f3n! \u00a1La diversi\u00f3n nunca termina! Nuestra casita para ni\u00f1as y ni\u00f1os incluye luces de estrellas de colores que crean un ambiente acogedor y m\u00e1gico. Adem\u00e1s, Nuestra casita tipi infantil \u00a1incluye tatuajes temporales que brillan en la oscuridad!<\/span><\/li>\n<li class=\"a-spacing-mini\"><span class=\"a-list-item\">\ud83c\udf08\u00a1Un arco\u00edris de diversi\u00f3n! La casita de tela incluye banderas de colores \ud83d\udea9 y una alfombra reversible para invierno y verano. Es una tienda infantil interior y exterior<\/span><\/li>\n<li class=\"a-spacing-mini\"><span class=\"a-list-item\">\ud83c\udfe1Casita para ni\u00f1as y ni\u00f1os con dise\u00f1os hermoso de 4 ventanas, todas ellas incluyen cortinas y una puerta espaciosa. Fabricada con materiales de alta calidad y duraderos, esta casita port\u00e1til ofrece un refugio seguro y divertido para los m\u00e1s peque\u00f1os.<\/span><\/li>\n<li class=\"a-spacing-mini\"><span class=\"a-list-item\">\ud83c\udf81\u00a1El regalo de cumplea\u00f1os o cualquier ocasi\u00f3n perfecto! Nuestra casa ni\u00f1a interior y ni\u00f1o es ideal para crear un ambiente propio y seguro para ellos. Sorprendelos con nuestra casa tipi infantil<\/span><\/li>\n<li class=\"a-spacing-mini\"><span class=\"a-list-item\">\u2705F\u00e1cil de montar y desmontar! Toma apenas 15 minutos armar la casita infantil y se desmonta en 5 minutos<\/span><\/li>\n<li class=\"a-spacing-mini\"><span class=\"a-list-item\">\ud83d\udecd\ufe0f\u00a1F\u00e1cil de limpiar y guardar! \u00a1Adi\u00f3s manchas! La tela de nuestra tienda campa\u00f1a infantil es s\u00faper f\u00e1cil de limpiar y e incluye una bolsa para guardarla y transportarla de manera f\u00e1cil cuando no est\u00e1 en uso.<\/span><\/li>\n<\/ul>\n","protected":false},"excerpt":{"rendered":"<p>La mejor casita infantil para ni\u00f1os. F\u00e1cil de montar y resistente, para interior y exterior.<\/p>\n","protected":false},"featured_media":974,"comment_status":"open","ping_status":"closed","template":"","meta":{"_acf_changed":false,"iawp_total_views":1},"marca":[62],"product_brand":[],"product_cat":[134,135],"product_tag":[166,136,205,137,203,138],"class_list":{"0":"post-583","1":"product","2":"type-product","3":"status-publish","4":"has-post-thumbnail","6":"marca-thingssol","7":"product_cat-regalos-cumpleanos-en","8":"product_cat-tienda-campana-infantil-en","9":"product_tag-cumpleanos-en","10":"product_tag-juegos-seguros-en","11":"product_tag-regalo-cumpleanos-ninos-en","12":"product_tag-regalo-perfecto-en","13":"product_tag-tienda-campana-infantil-en","14":"product_tag-tienda-infantil-en","16":"first","17":"instock","18":"sale","19":"shipping-taxable","20":"purchasable","21":"product-type-simple"},"acf":[],"yoast_head":"<!-- This site is optimized with the Yoast SEO plugin v27.3 - https:\/\/yoast.com\/product\/yoast-seo-wordpress\/ -->\n<title>Casita Infantil para Ni\u00f1@s en Oferta - THINGSSOL<\/title>\n<meta name=\"description\" content=\"Descubre la tienda de campa\u00f1a infantil perfecta para juegos y diversi\u00f3n. Ofrecemos env\u00edo gratis y 90 d\u00edas para devoluciones. \u00a1Haz tu compra hoy y ahorra un 30%!\" \/>\n<meta name=\"robots\" content=\"index, follow, max-snippet:-1, max-image-preview:large, max-video-preview:-1\" \/>\n<link rel=\"canonical\" href=\"https:\/\/thingssol.es\/en\/producto\/tienda-de-campana-infantil\/\" \/>\n<meta property=\"og:locale\" content=\"en_US\" \/>\n<meta property=\"og:type\" content=\"article\" \/>\n<meta property=\"og:title\" content=\"Casita Infantil para Ni\u00f1@s en Oferta - THINGSSOL\" \/>\n<meta property=\"og:description\" content=\"Descubre la tienda de campa\u00f1a infantil perfecta para juegos y diversi\u00f3n. Ofrecemos env\u00edo gratis y 90 d\u00edas para devoluciones. \u00a1Haz tu compra hoy y ahorra un 30%!\" \/>\n<meta property=\"og:url\" content=\"https:\/\/thingssol.es\/en\/producto\/tienda-de-campana-infantil\/\" \/>\n<meta property=\"og:site_name\" content=\"THINGSSOL\" \/>\n<meta property=\"article:modified_time\" content=\"2025-04-20T18:03:04+00:00\" \/>\n<meta property=\"og:image\" content=\"https:\/\/thingssol.es\/wp-content\/uploads\/2025\/02\/1-IMAGEN-PRINCIPAL.png\" \/>\n\t<meta property=\"og:image:width\" content=\"1081\" \/>\n\t<meta property=\"og:image:height\" content=\"1081\" \/>\n\t<meta property=\"og:image:type\" content=\"image\/png\" \/>\n<meta name=\"twitter:card\" content=\"summary_large_image\" \/>\n<meta name=\"twitter:label1\" content=\"Est. reading time\" \/>\n\t<meta name=\"twitter:data1\" content=\"2 minutes\" \/>\n<!-- \/ Yoast SEO plugin. -->","yoast_head_json":{"title":"Casita Infantil para Ni\u00f1@s en Oferta - THINGSSOL","description":"Descubre la tienda de campa\u00f1a infantil perfecta para juegos y diversi\u00f3n. Ofrecemos env\u00edo gratis y 90 d\u00edas para devoluciones. \u00a1Haz tu compra hoy y ahorra un 30%!","robots":{"index":"index","follow":"follow","max-snippet":"max-snippet:-1","max-image-preview":"max-image-preview:large","max-video-preview":"max-video-preview:-1"},"canonical":"https:\/\/thingssol.es\/en\/producto\/tienda-de-campana-infantil\/","og_locale":"en_US","og_type":"article","og_title":"Casita Infantil para Ni\u00f1@s en Oferta - THINGSSOL","og_description":"Descubre la tienda de campa\u00f1a infantil perfecta para juegos y diversi\u00f3n. Ofrecemos env\u00edo gratis y 90 d\u00edas para devoluciones. \u00a1Haz tu compra hoy y ahorra un 30%!","og_url":"https:\/\/thingssol.es\/en\/producto\/tienda-de-campana-infantil\/","og_site_name":"THINGSSOL","article_modified_time":"2025-04-20T18:03:04+00:00","og_image":[{"width":1081,"height":1081,"url":"https:\/\/thingssol.es\/wp-content\/uploads\/2025\/02\/1-IMAGEN-PRINCIPAL.png","type":"image\/png"}],"twitter_card":"summary_large_image","twitter_misc":{"Est. reading time":"2 minutes"},"schema":{"@context":"https:\/\/schema.org","@graph":[{"@type":"WebPage","@id":"https:\/\/thingssol.es\/en\/producto\/tienda-de-campana-infantil\/","url":"https:\/\/thingssol.es\/en\/producto\/tienda-de-campana-infantil\/","name":"Casita Infantil para Ni\u00f1@s en Oferta - THINGSSOL","isPartOf":{"@id":"https:\/\/thingssol.es\/en\/#website"},"primaryImageOfPage":{"@id":"https:\/\/thingssol.es\/en\/producto\/tienda-de-campana-infantil\/#primaryimage"},"image":{"@id":"https:\/\/thingssol.es\/en\/producto\/tienda-de-campana-infantil\/#primaryimage"},"thumbnailUrl":"https:\/\/thingssol.es\/wp-content\/uploads\/2025\/02\/1-IMAGEN-PRINCIPAL.png","datePublished":"2025-02-27T18:20:28+00:00","dateModified":"2025-04-20T18:03:04+00:00","description":"Descubre la tienda de campa\u00f1a infantil perfecta para juegos y diversi\u00f3n. Ofrecemos env\u00edo gratis y 90 d\u00edas para devoluciones. \u00a1Haz tu compra hoy y ahorra un 30%!","breadcrumb":{"@id":"https:\/\/thingssol.es\/en\/producto\/tienda-de-campana-infantil\/#breadcrumb"},"inLanguage":"en-US","potentialAction":[{"@type":"ReadAction","target":["https:\/\/thingssol.es\/en\/producto\/tienda-de-campana-infantil\/"]}]},{"@type":"ImageObject","inLanguage":"en-US","@id":"https:\/\/thingssol.es\/en\/producto\/tienda-de-campana-infantil\/#primaryimage","url":"https:\/\/thingssol.es\/wp-content\/uploads\/2025\/02\/1-IMAGEN-PRINCIPAL.png","contentUrl":"https:\/\/thingssol.es\/wp-content\/uploads\/2025\/02\/1-IMAGEN-PRINCIPAL.png","width":1081,"height":1081},{"@type":"BreadcrumbList","@id":"https:\/\/thingssol.es\/en\/producto\/tienda-de-campana-infantil\/#breadcrumb","itemListElement":[{"@type":"ListItem","position":1,"name":"Portada","item":"https:\/\/thingssol.es\/en\/"},{"@type":"ListItem","position":2,"name":"Tienda","item":"https:\/\/thingssol.es\/en\/tienda\/"},{"@type":"ListItem","position":3,"name":"Casita Infantil para ni\u00f1@s"}]},{"@type":"WebSite","@id":"https:\/\/thingssol.es\/en\/#website","url":"https:\/\/thingssol.es\/en\/","name":"THINGSSOL","description":"","publisher":{"@id":"https:\/\/thingssol.es\/en\/#organization"},"potentialAction":[{"@type":"SearchAction","target":{"@type":"EntryPoint","urlTemplate":"https:\/\/thingssol.es\/en\/?s={search_term_string}"},"query-input":{"@type":"PropertyValueSpecification","valueRequired":true,"valueName":"search_term_string"}}],"inLanguage":"en-US"},{"@type":"Organization","@id":"https:\/\/thingssol.es\/en\/#organization","name":"THINGSSOL","url":"https:\/\/thingssol.es\/en\/","logo":{"@type":"ImageObject","inLanguage":"en-US","@id":"https:\/\/thingssol.es\/en\/#\/schema\/logo\/image\/","url":"https:\/\/thingssol.es\/wp-content\/uploads\/2025\/02\/67c03e3f7a34d_logo-color-con-copyright.png","contentUrl":"https:\/\/thingssol.es\/wp-content\/uploads\/2025\/02\/67c03e3f7a34d_logo-color-con-copyright.png","width":500,"height":500,"caption":"THINGSSOL"},"image":{"@id":"https:\/\/thingssol.es\/en\/#\/schema\/logo\/image\/"}}]}},"_links":{"self":[{"href":"https:\/\/thingssol.es\/en\/wp-json\/wp\/v2\/product\/583","targetHints":{"allow":["GET"]}}],"collection":[{"href":"https:\/\/thingssol.es\/en\/wp-json\/wp\/v2\/product"}],"about":[{"href":"https:\/\/thingssol.es\/en\/wp-json\/wp\/v2\/types\/product"}],"replies":[{"embeddable":true,"href":"https:\/\/thingssol.es\/en\/wp-json\/wp\/v2\/comments?post=583"}],"wp:featuredmedia":[{"embeddable":true,"href":"https:\/\/thingssol.es\/en\/wp-json\/wp\/v2\/media\/974"}],"wp:attachment":[{"href":"https:\/\/thingssol.es\/en\/wp-json\/wp\/v2\/media?parent=583"}],"wp:term":[{"taxonomy":"marca","embeddable":true,"href":"https:\/\/thingssol.es\/en\/wp-json\/wp\/v2\/marca?post=583"},{"taxonomy":"product_brand","embeddable":true,"href":"https:\/\/thingssol.es\/en\/wp-json\/wp\/v2\/product_brand?post=583"},{"taxonomy":"product_cat","embeddable":true,"href":"https:\/\/thingssol.es\/en\/wp-json\/wp\/v2\/product_cat?post=583"},{"taxonomy":"product_tag","embeddable":true,"href":"https:\/\/thingssol.es\/en\/wp-json\/wp\/v2\/product_tag?post=583"}],"curies":[{"name":"wp","href":"https:\/\/api.w.org\/{rel}","templated":true}]}}