{"id":582,"date":"2025-01-03T18:21:15","date_gmt":"2025-01-03T18:21:15","guid":{"rendered":"https:\/\/thingssol.es\/producto\/set-de-construccion-creativo-de-bloques-de-colores\/"},"modified":"2025-04-20T19:25:21","modified_gmt":"2025-04-20T19:25:21","slug":"regalo-cumpleanos-ninos","status":"publish","type":"product","link":"https:\/\/thingssol.es\/en\/producto\/regalo-cumpleanos-ninos\/","title":{"rendered":"30 Hojas de tatuajes temporales ni\u00f1@s"},"content":{"rendered":"<p>Inspira la creatividad de los peques con m\u00e1s de 200 tatuajes temporales colorido que brillan en la oscuridad. \u00a1Diversi\u00f3n asegurada!<\/p>\n","protected":false},"excerpt":{"rendered":"<p>30 hojas de tatuajes temporales que brillan en la oscuridad con +200 tatuajes con formas de animales, dinosaurios, sirenas, unicornios, coches, astronautas y extraterrestres<\/p>\n","protected":false},"featured_media":991,"comment_status":"open","ping_status":"closed","template":"","meta":{"_acf_changed":false,"iawp_total_views":0},"marca":[62],"product_brand":[],"product_cat":[129,130],"product_tag":[210,132,133,211,170,212,213],"class_list":{"0":"post-582","1":"product","2":"type-product","3":"status-publish","4":"has-post-thumbnail","6":"marca-thingssol","7":"product_cat-juguetes-en","8":"product_cat-juguetes-educativos-en","9":"product_tag-bloques-de-construccion-en","10":"product_tag-creatividad-infantil-en","11":"product_tag-juguetes-educativos-en","12":"product_tag-regalitos-invitados-cumpleanos-en","13":"product_tag-regalos-cumpleanos-en","14":"product_tag-regalos-cumpleanos-ninos-colegio-en","15":"product_tag-tatuajes-temporales-ninos-en","17":"first","18":"instock","19":"sale","20":"shipping-taxable","21":"purchasable","22":"product-type-simple"},"acf":[],"yoast_head":"<!-- This site is optimized with the Yoast SEO plugin v27.3 - https:\/\/yoast.com\/product\/yoast-seo-wordpress\/ -->\n<title>30 Hojas de tatuajes temporales ni\u00f1@s - THINGSSOL<\/title>\n<meta name=\"description\" content=\"M\u00e1s de 200 tatuajes temporales para ni\u00f1@s que brillan en la oscuridad, perfecto para regalos en cumplea\u00f1os infantiles\" \/>\n<meta name=\"robots\" content=\"index, follow, max-snippet:-1, max-image-preview:large, max-video-preview:-1\" \/>\n<link rel=\"canonical\" href=\"https:\/\/thingssol.es\/en\/producto\/regalo-cumpleanos-ninos\/\" \/>\n<meta property=\"og:locale\" content=\"en_US\" \/>\n<meta property=\"og:type\" content=\"article\" \/>\n<meta property=\"og:title\" content=\"30 Hojas de tatuajes temporales ni\u00f1@s - THINGSSOL\" \/>\n<meta property=\"og:description\" content=\"M\u00e1s de 200 tatuajes temporales para ni\u00f1@s que brillan en la oscuridad, perfecto para regalos en cumplea\u00f1os infantiles\" \/>\n<meta property=\"og:url\" content=\"https:\/\/thingssol.es\/en\/producto\/regalo-cumpleanos-ninos\/\" \/>\n<meta property=\"og:site_name\" content=\"THINGSSOL\" \/>\n<meta property=\"article:modified_time\" content=\"2025-04-20T19:25:21+00:00\" \/>\n<meta property=\"og:image\" content=\"https:\/\/thingssol.es\/wp-content\/uploads\/2025\/02\/71i8QhGozvL._SL1500_.jpg\" \/>\n\t<meta property=\"og:image:width\" content=\"1500\" \/>\n\t<meta property=\"og:image:height\" content=\"1500\" \/>\n\t<meta property=\"og:image:type\" content=\"image\/jpeg\" \/>\n<meta name=\"twitter:card\" content=\"summary_large_image\" \/>\n<!-- \/ Yoast SEO plugin. -->","yoast_head_json":{"title":"30 Hojas de tatuajes temporales ni\u00f1@s - THINGSSOL","description":"M\u00e1s de 200 tatuajes temporales para ni\u00f1@s que brillan en la oscuridad, perfecto para regalos en cumplea\u00f1os infantiles","robots":{"index":"index","follow":"follow","max-snippet":"max-snippet:-1","max-image-preview":"max-image-preview:large","max-video-preview":"max-video-preview:-1"},"canonical":"https:\/\/thingssol.es\/en\/producto\/regalo-cumpleanos-ninos\/","og_locale":"en_US","og_type":"article","og_title":"30 Hojas de tatuajes temporales ni\u00f1@s - THINGSSOL","og_description":"M\u00e1s de 200 tatuajes temporales para ni\u00f1@s que brillan en la oscuridad, perfecto para regalos en cumplea\u00f1os infantiles","og_url":"https:\/\/thingssol.es\/en\/producto\/regalo-cumpleanos-ninos\/","og_site_name":"THINGSSOL","article_modified_time":"2025-04-20T19:25:21+00:00","og_image":[{"width":1500,"height":1500,"url":"https:\/\/thingssol.es\/wp-content\/uploads\/2025\/02\/71i8QhGozvL._SL1500_.jpg","type":"image\/jpeg"}],"twitter_card":"summary_large_image","schema":{"@context":"https:\/\/schema.org","@graph":[{"@type":"WebPage","@id":"https:\/\/thingssol.es\/en\/producto\/regalo-cumpleanos-ninos\/","url":"https:\/\/thingssol.es\/en\/producto\/regalo-cumpleanos-ninos\/","name":"30 Hojas de tatuajes temporales ni\u00f1@s - THINGSSOL","isPartOf":{"@id":"https:\/\/thingssol.es\/en\/#website"},"primaryImageOfPage":{"@id":"https:\/\/thingssol.es\/en\/producto\/regalo-cumpleanos-ninos\/#primaryimage"},"image":{"@id":"https:\/\/thingssol.es\/en\/producto\/regalo-cumpleanos-ninos\/#primaryimage"},"thumbnailUrl":"https:\/\/thingssol.es\/wp-content\/uploads\/2025\/02\/71i8QhGozvL._SL1500_.jpg","datePublished":"2025-01-03T18:21:15+00:00","dateModified":"2025-04-20T19:25:21+00:00","description":"M\u00e1s de 200 tatuajes temporales para ni\u00f1@s que brillan en la oscuridad, perfecto para regalos en cumplea\u00f1os infantiles","breadcrumb":{"@id":"https:\/\/thingssol.es\/en\/producto\/regalo-cumpleanos-ninos\/#breadcrumb"},"inLanguage":"en-US","potentialAction":[{"@type":"ReadAction","target":["https:\/\/thingssol.es\/en\/producto\/regalo-cumpleanos-ninos\/"]}]},{"@type":"ImageObject","inLanguage":"en-US","@id":"https:\/\/thingssol.es\/en\/producto\/regalo-cumpleanos-ninos\/#primaryimage","url":"https:\/\/thingssol.es\/wp-content\/uploads\/2025\/02\/71i8QhGozvL._SL1500_.jpg","contentUrl":"https:\/\/thingssol.es\/wp-content\/uploads\/2025\/02\/71i8QhGozvL._SL1500_.jpg","width":1500,"height":1500},{"@type":"BreadcrumbList","@id":"https:\/\/thingssol.es\/en\/producto\/regalo-cumpleanos-ninos\/#breadcrumb","itemListElement":[{"@type":"ListItem","position":1,"name":"Portada","item":"https:\/\/thingssol.es\/en\/"},{"@type":"ListItem","position":2,"name":"Tienda","item":"https:\/\/thingssol.es\/en\/tienda\/"},{"@type":"ListItem","position":3,"name":"30 Hojas de tatuajes temporales ni\u00f1@s"}]},{"@type":"WebSite","@id":"https:\/\/thingssol.es\/en\/#website","url":"https:\/\/thingssol.es\/en\/","name":"THINGSSOL","description":"","publisher":{"@id":"https:\/\/thingssol.es\/en\/#organization"},"potentialAction":[{"@type":"SearchAction","target":{"@type":"EntryPoint","urlTemplate":"https:\/\/thingssol.es\/en\/?s={search_term_string}"},"query-input":{"@type":"PropertyValueSpecification","valueRequired":true,"valueName":"search_term_string"}}],"inLanguage":"en-US"},{"@type":"Organization","@id":"https:\/\/thingssol.es\/en\/#organization","name":"THINGSSOL","url":"https:\/\/thingssol.es\/en\/","logo":{"@type":"ImageObject","inLanguage":"en-US","@id":"https:\/\/thingssol.es\/en\/#\/schema\/logo\/image\/","url":"https:\/\/thingssol.es\/wp-content\/uploads\/2025\/02\/67c03e3f7a34d_logo-color-con-copyright.png","contentUrl":"https:\/\/thingssol.es\/wp-content\/uploads\/2025\/02\/67c03e3f7a34d_logo-color-con-copyright.png","width":500,"height":500,"caption":"THINGSSOL"},"image":{"@id":"https:\/\/thingssol.es\/en\/#\/schema\/logo\/image\/"}}]}},"_links":{"self":[{"href":"https:\/\/thingssol.es\/en\/wp-json\/wp\/v2\/product\/582","targetHints":{"allow":["GET"]}}],"collection":[{"href":"https:\/\/thingssol.es\/en\/wp-json\/wp\/v2\/product"}],"about":[{"href":"https:\/\/thingssol.es\/en\/wp-json\/wp\/v2\/types\/product"}],"replies":[{"embeddable":true,"href":"https:\/\/thingssol.es\/en\/wp-json\/wp\/v2\/comments?post=582"}],"wp:featuredmedia":[{"embeddable":true,"href":"https:\/\/thingssol.es\/en\/wp-json\/wp\/v2\/media\/991"}],"wp:attachment":[{"href":"https:\/\/thingssol.es\/en\/wp-json\/wp\/v2\/media?parent=582"}],"wp:term":[{"taxonomy":"marca","embeddable":true,"href":"https:\/\/thingssol.es\/en\/wp-json\/wp\/v2\/marca?post=582"},{"taxonomy":"product_brand","embeddable":true,"href":"https:\/\/thingssol.es\/en\/wp-json\/wp\/v2\/product_brand?post=582"},{"taxonomy":"product_cat","embeddable":true,"href":"https:\/\/thingssol.es\/en\/wp-json\/wp\/v2\/product_cat?post=582"},{"taxonomy":"product_tag","embeddable":true,"href":"https:\/\/thingssol.es\/en\/wp-json\/wp\/v2\/product_tag?post=582"}],"curies":[{"name":"wp","href":"https:\/\/api.w.org\/{rel}","templated":true}]}}